{"id":24377,"date":"2024-09-12T11:12:56","date_gmt":"2024-09-12T09:12:56","guid":{"rendered":"https:\/\/www.ffbozen.it\/it\/?page_id=24377"},"modified":"2026-03-28T09:03:32","modified_gmt":"2026-03-28T08:03:32","slug":"automezzo-di-trasporto-5","status":"publish","type":"page","link":"https:\/\/www.ffbozen.it\/it\/attrezzature\/parco-macchine\/automezzo-di-trasporto-5\/","title":{"rendered":"Automezzo di trasporto"},"content":{"rendered":"<div class=\"brz-root__container brz-reset-all\">\n<section data-uid=\"wdotymfnirgcpyhmqgnoxuegemhhjkxsbzrg\" id=\"wdotymfnirgcpyhmqgnoxuegemhhjkxsbzrg\" class=\"brz-section brz-css-otzmt brz-css-nzfua\">\n<div class=\"brz-slick-slider brz-slick-slider__section\" data-slides-to-show=\"1\" data-slides-to-scroll=\"1\" data-arrows=\"true\" data-dots=\"true\" data-dots-class=\"brz-slick-slider__dots brz-slick-slider__dots--circle\" data-fade=\"false\" data-vertical=\"false\" data-auto-play=\"true\" data-auto-play-speed=\"3000\" data-swipe=\"true\" data-responsive=\"%5B%7B%22breakpoint%22%3A767%2C%22settings%22%3A%7B%22slidesToShow%22%3A1%2C%22slidesToScroll%22%3A1%7D%7D%5D\">\n<div>\n<div class=\"brz-section__content brz-section--fullWidth brz-css-kdklq brz-css-idhfv\" data-custom-id=\"tbfrdicsfxexyhdihdmprtzhuuaskrxdcywh\">\n<div class=\"brz-container brz-css-lrftj brz-css-kauzo\">\n<div class=\"brz-css-xgczf brz-css-auujo brz-wrapper\">\n<div class=\"brz-image brz-image__lightbox brz-css-foohz\"><a class=\"brz-a\" href=\"https:\/\/www.ffbozen.it\/it\/wp-content\/uploads\/2024\/09\/FFBozen_Fahrzeug2KO_01.jpeg\" data-brz-link-type=\"lightBox\" id data-custom-id=\"opiwmawmjvfuyqprfowwzxbujwpyppgwdysl\"><img class=\"brz-img\" src=\"https:\/\/www.ffbozen.it\/it\/wp-content\/uploads\/brizy\/imgs\/FFBozen_Fahrzeug2KO_01-1920x1080x0x0x1920x1079x1726132236.jpeg\" alt=\"\" loading=\"lazy\" \/><\/a><\/div>\n<\/div>\n<\/div>\n<\/div>\n<\/div>\n<div>\n<div class=\"brz-section__content brz-section--fullWidth brz-css-kdklq brz-css-lqjdc\" data-custom-id=\"perlpxtevaposnlqcimfmjphyifrogewpuhq\">\n<div class=\"brz-container brz-css-lrftj brz-css-enjer\">\n<div class=\"brz-css-xgczf brz-css-ajiwv brz-wrapper\">\n<div class=\"brz-image brz-image__lightbox brz-css-tfrbh\"><a class=\"brz-a\" href=\"https:\/\/www.ffbozen.it\/it\/wp-content\/uploads\/2024\/09\/FFBozen_Fahrzeug2KO_03.jpeg\" data-brz-link-type=\"lightBox\" id data-custom-id=\"ustlqiolfyeaoyisojkfignzkgethuoyfiff\"><img class=\"brz-img\" src=\"https:\/\/www.ffbozen.it\/it\/wp-content\/uploads\/brizy\/imgs\/FFBozen_Fahrzeug2KO_03-1920x1080x0x0x1920x1080x1726132243.jpeg\" alt=\"\" loading=\"lazy\" \/><\/a><\/div>\n<\/div>\n<\/div>\n<\/div>\n<\/div>\n<div>\n<div class=\"brz-section__content brz-section--fullWidth brz-css-kdklq brz-css-fmmbk\" data-custom-id=\"mtpvhhsnojqhmqvwtkxdvfvprmcvxkeqpvym\">\n<div class=\"brz-container brz-css-lrftj brz-css-gyjhu\">\n<div class=\"brz-css-xgczf brz-css-sfktu brz-wrapper\">\n<div class=\"brz-image brz-image__lightbox brz-css-nrrbb\"><a class=\"brz-a\" href=\"https:\/\/www.ffbozen.it\/it\/wp-content\/uploads\/2024\/09\/FFBozen_Fahrzeug2KO_02.jpeg\" data-brz-link-type=\"lightBox\" id data-custom-id=\"aeymjewylwiqtkngokmccjwkoppromfbrjqm\"><img class=\"brz-img\" src=\"https:\/\/www.ffbozen.it\/it\/wp-content\/uploads\/brizy\/imgs\/FFBozen_Fahrzeug2KO_02-1920x1080x0x0x1920x1080x1726132241.jpeg\" alt=\"\" loading=\"lazy\" \/><\/a><\/div>\n<\/div>\n<\/div>\n<\/div>\n<\/div>\n<div>\n<div class=\"brz-section__content brz-section--fullWidth brz-css-kdklq brz-css-sgjrr\" data-custom-id=\"agnrovgbllqtpnumvvwozrasveaiabltfomc\">\n<div class=\"brz-container brz-css-lrftj brz-css-cijro\">\n<div class=\"brz-css-xgczf brz-css-djjgw brz-wrapper\">\n<div class=\"brz-image brz-image__lightbox brz-css-wzome\"><a class=\"brz-a\" href=\"https:\/\/www.ffbozen.it\/it\/wp-content\/uploads\/2024\/09\/FFBozen_Fahrzeug2KO_04.jpeg\" data-brz-link-type=\"lightBox\" id data-custom-id=\"disgdyewecrjjnplrfezfloutmqlmhhphbxg\"><img class=\"brz-img\" src=\"https:\/\/www.ffbozen.it\/it\/wp-content\/uploads\/brizy\/imgs\/FFBozen_Fahrzeug2KO_04-1920x1080x0x0x1920x1080x1726132238.jpeg\" alt=\"\" loading=\"lazy\" \/><\/a><\/div>\n<\/div>\n<\/div>\n<\/div>\n<\/div>\n<p><title>tail<\/title>\n<\/div>\n<\/section>\n<section data-uid=\"smvtimedzngjwmxpunvyszlsqhkvofkgbnee\" id=\"smvtimedzngjwmxpunvyszlsqhkvofkgbnee\" class=\"brz-section brz-css-otzmt\">\n<div class=\"brz-section__content brz-section--fullWidth brz-css-kdklq brz-css-xohpn\" data-custom-id=\"apihmoxksljlhhngcjamrapprtawznuwkkex\">\n<div class=\"brz-bg\">\n<div class=\"brz-bg-color\"><\/div>\n<\/div>\n<div class=\"brz-container brz-css-lrftj brz-css-pyyvu\">\n<div class=\"brz-row__container brz-css-nuljl\" data-custom-id=\"wmlivrlznecjbbnhmlopxfwelvjlkbxknpou\">\n<div class=\"brz-row brz-css-vefod brz-css-qrqjf\">\n<div class=\"brz-columns brz-css-dtuwg brz-css-mjdsv\" data-custom-id=\"chmcvajqixxvlnelgmarwoszeqlomgywiehi\">\n<div class=\"brz-column__items brz-css-deilk brz-css-hedlp\">\n<div class=\"brz-css-xgczf brz-css-xtpva brz-wrapper\">\n<div class=\"brz-rich-text brz-rich-text__custom brz-css-xjili\" data-custom-id=\"numoojbayqwpsncuwqpwaeetxhcwaqqockfu\">\n<div>\n<h2 class=\"brz-css-yiqmr\" data-uniq-id=\"cbhiw\" data-generated-css=\"brz-css-seeov\"><span>Automezzo di trasporto con sponda montacarichi<\/span><\/h2>\n<\/div>\n<\/div>\n<\/div>\n<\/div>\n<\/div>\n<\/div>\n<\/div>\n<div class=\"brz-row__container brz-css-nuljl\" data-custom-id=\"jzfhhzagqherawkescksialkkercxtbckogf\">\n<div class=\"brz-row brz-css-vefod brz-css-qrqjf\">\n<div class=\"brz-columns brz-css-dtuwg brz-css-nhslf\" data-custom-id=\"hmasmpjxoplfgpxcvfynxzaaqwbudvcmzfaf\">\n<div class=\"brz-column__items brz-css-deilk brz-css-sjhhc\">\n<div class=\"brz-css-xgczf brz-css-muuil brz-wrapper\">\n<div class=\"brz-rich-text brz-rich-text__custom brz-css-xjili\" data-custom-id=\"muqftsucmoobwtqturzrayschbwwfkjqewgm\">\n<div>\n<p class=\"brz-css-pxzoq\" data-uniq-id=\"hlnlc\" data-generated-css=\"brz-css-wzhmg\"><span class=\"brz-cp-color7\">Questo automezzo di trasporto con sponda montacarichi \u00e8 caricato con un container scaricabile di spegnimento. Grazie alla sua buona mobilit\u00e0 fuoristrada, pu\u00f2 essere utilizzato nelle aree montane. Inoltre, serve come veicolo di trasporto per i vari carrelli modulari e pu\u00f2 essere quindi caricato e utilizzato in modo flessibile in diverse situazioni operative.<\/span><\/p>\n<\/div>\n<\/div>\n<\/div>\n<\/div>\n<\/div>\n<\/div>\n<\/div>\n<div class=\"brz-row__container brz-css-nuljl\" data-custom-id=\"scuxysjgcppjfcqqrlsimjyrpswozrznywuq\">\n<div class=\"brz-row brz-css-vefod brz-css-qrqjf\">\n<div class=\"brz-columns brz-css-dtuwg brz-css-sklmp\" data-custom-id=\"iqnjnbdeqgkqcmclomnalhhzayryczjrgbam\">\n<div class=\"brz-column__items brz-css-deilk\">\n<div class=\"brz-css-xgczf brz-css-mqtqn brz-wrapper\">\n<div class=\"brz-icon-text brz-css-srwyg\" data-custom-id=\"mwkcyjxhdgjbgugsedigwvjtgxzcfvifzbkz\">\n<div id class=\"brz-icon__container\" data-custom-id=\"cqglkpjuorfabgfrugtbymdbftdhdpmprewq\"><span class=\"brz-span brz-icon css-156rzrb\"><\/span><\/div>\n<div class=\"brz-text-btn\">\n<div class=\"brz-rich-text brz-rich-text__custom brz-css-xjili\" data-custom-id=\"fjzzucokqqcportoltexcmngdsfuquaigrej\">\n<div>\n<p class=\"brz-css-thxnm\" data-uniq-id=\"sxegp\" data-generated-css=\"brz-css-cjrbz\"><span class=\"brz-cp-color7\">Posti:<\/span><\/p>\n<p class=\"brz-css-sqgtv\" data-uniq-id=\"iaoqm\" data-generated-css=\"brz-css-mjpiy\"><span class=\"brz-cp-color7\">5 + 1<\/span><\/p>\n<\/div>\n<\/div>\n<\/div>\n<\/div>\n<\/div>\n<\/div>\n<\/div>\n<div class=\"brz-columns brz-css-dtuwg brz-css-dezot\" data-custom-id=\"mnodxcfetnpxxiuqmfrctbpylowyosmkbefs\">\n<div class=\"brz-column__items brz-css-deilk\">\n<div class=\"brz-css-xgczf brz-css-tfqvr brz-wrapper\">\n<div class=\"brz-icon-text brz-css-srwyg\" data-custom-id=\"vptvrzevxrpughbqyyzaeslgbxsmgydooqeb\">\n<div id class=\"brz-icon__container\" data-custom-id=\"lhwztugzttkxivhdmnznxusiukhjsaqufolw\"><span class=\"brz-span brz-icon css-1pqguu9\"><\/span><\/div>\n<div class=\"brz-text-btn\">\n<div class=\"brz-rich-text brz-rich-text__custom brz-css-xjili\" data-custom-id=\"xcqbyzvkgfagnxyrmoeqlzgsmdfvglkfaphx\">\n<div>\n<p class=\"brz-css-setei\" data-uniq-id=\"xqtio\" data-generated-css=\"brz-css-wgwar\"><span class=\"brz-cp-color7\">Massa complessiva:<\/span><\/p>\n<p class=\"brz-css-utspy\" data-uniq-id=\"alsfp\" data-generated-css=\"brz-css-nhqvr\"><strong class=\"brz-cp-color7\">7.000 kg<\/strong><\/p>\n<\/div>\n<\/div>\n<\/div>\n<\/div>\n<\/div>\n<\/div>\n<\/div>\n<div class=\"brz-columns brz-css-dtuwg brz-css-tlbgq\" data-custom-id=\"xqrfikeghxnnqyxiewztrkixhakgqrslprho\">\n<div class=\"brz-column__items brz-css-deilk\">\n<div class=\"brz-css-xgczf brz-css-urnue brz-wrapper\">\n<div class=\"brz-icon-text brz-css-srwyg\" data-custom-id=\"tqktojylcsosyprpezootmeqdztxwxdzikom\">\n<div id class=\"brz-icon__container\" data-custom-id=\"sgbougjutrdntdhdiqvuosmlfwpqjzndxkxi\"><span class=\"brz-span brz-icon css-156rzrb\"><\/span><\/div>\n<div class=\"brz-text-btn\">\n<div class=\"brz-rich-text brz-rich-text__custom brz-css-xjili\" data-custom-id=\"txmttaahrysdyudgxpfhrsmssjkhhdqegflt\">\n<div>\n<p class=\"brz-css-vfiou\" data-uniq-id=\"veeze\" data-generated-css=\"brz-css-eaykw\"><span class=\"brz-cp-color7\">Potenza:<\/span><\/p>\n<p class=\"brz-css-wyxeh\" data-uniq-id=\"uftcb\" data-generated-css=\"brz-css-kpvhp\"><span class=\"brz-cp-color7\">210 PS<\/span><\/p>\n<\/div>\n<\/div>\n<\/div>\n<\/div>\n<\/div>\n<\/div>\n<\/div>\n<\/div>\n<\/div>\n<div class=\"brz-row__container brz-css-nuljl\" data-custom-id=\"dqydcauruewgwkyenoyjntvyeqypsqtujzrm\">\n<div class=\"brz-row brz-css-vefod brz-css-qrqjf\">\n<div class=\"brz-columns brz-css-dtuwg brz-css-yslow\" data-custom-id=\"cdgarcdpnesgnqmydzbcpypdtfziebxcbxbh\">\n<div class=\"brz-column__items brz-css-deilk\">\n<div class=\"brz-css-xgczf brz-css-okijx brz-wrapper\">\n<div class=\"brz-icon-text brz-css-srwyg\" data-custom-id=\"tncdpxfguqrqmgnhurvfzjxdxohusbaljygv\">\n<div id class=\"brz-icon__container\" data-custom-id=\"ftrcbnxsfrbgirvbfcuhoztzkfqukfdmoear\"><span class=\"brz-span brz-icon css-156rzrb\"><\/span><\/div>\n<div class=\"brz-text-btn\">\n<div class=\"brz-rich-text brz-rich-text__custom brz-css-xjili\" data-custom-id=\"vnhplfhpqylzndbltyissuagskilazyobjwr\">\n<div>\n<p class=\"brz-css-uhugy\" data-uniq-id=\"mdjzc\" data-generated-css=\"brz-css-qwghr\"><span class=\"brz-cp-color7\">Anno di costruzione:<\/span><\/p>\n<p class=\"brz-css-mcwqh\" data-uniq-id=\"iurne\" data-generated-css=\"brz-css-fzzon\"><span class=\"brz-cp-color7\">2024<\/span><\/p>\n<\/div>\n<\/div>\n<\/div>\n<\/div>\n<\/div>\n<\/div>\n<\/div>\n<div class=\"brz-columns brz-css-dtuwg brz-css-uiasb\" data-custom-id=\"oinupviwtpcwkhyoznrfnvfeuxfekrnovjri\">\n<div class=\"brz-column__items brz-css-deilk\">\n<div class=\"brz-css-xgczf brz-css-urgcc brz-wrapper\">\n<div class=\"brz-icon-text brz-css-srwyg\" data-custom-id=\"axezyfesryfhtesueuqhvujmjcyewjcgfsvz\">\n<div id class=\"brz-icon__container\" data-custom-id=\"zrytxnjuxgghefecdeogvfcvgchrngaoreme\"><span class=\"brz-span brz-icon css-156rzrb\"><\/span><\/div>\n<div class=\"brz-text-btn\">\n<div class=\"brz-rich-text brz-rich-text__custom brz-css-xjili\" data-custom-id=\"wvayunmlyacjkfhtuvzwemgcddaksgcqbsii\">\n<div>\n<p class=\"brz-css-pllut\"><span class=\"brz-cp-color7\">Anno di costruzione:<\/span><\/p>\n<p class=\"brz-css-snuia\"><span class=\"brz-cp-color7\">4\u00d72 | 4\u00d74 | Blocco differenziale | Ridotte<\/span><\/p>\n<\/div>\n<\/div>\n<\/div>\n<\/div>\n<\/div>\n<\/div>\n<\/div>\n<\/div>\n<\/div>\n<\/div>\n<\/div>\n<\/section>\n<section data-uid=\"nhhgzlmcpdmheeuzbnjkcruvfqwgahxwxddm\" id=\"nhhgzlmcpdmheeuzbnjkcruvfqwgahxwxddm\" class=\"brz-section brz-css-otzmt brz-css-geusq\">\n<div class=\"brz-section__content brz-section--boxed brz-css-kdklq brz-css-xnjug\" data-custom-id=\"ojhwasrcywvxxpompuqiogbhhrtzjqrtxzor\">\n<div class=\"brz-container brz-css-lrftj\">\n<div class=\"brz-css-xgczf brz-css-clrpw brz-wrapper\">\n<div class=\"brz-rich-text brz-rich-text__custom brz-css-xjili\" data-custom-id=\"fnzxtwyserxkhlagbqtjqgwpfcgaefmvuthv\">\n<div>\n<p class=\"brz-css-sxler\"><strong>Dotazione:<\/strong><\/p>\n<\/div>\n<\/div>\n<\/div>\n<\/div>\n<\/div>\n<\/section>\n<section data-uid=\"loafbrkkukcsuzrrjskevobwkvubbzigxcig\" id=\"loafbrkkukcsuzrrjskevobwkvubbzigxcig\" class=\"brz-section brz-css-otzmt\">\n<div class=\"brz-section__content brz-section--boxed brz-css-kdklq brz-css-xwgvd\" data-custom-id=\"gepezcnhzqnwmkhednutvxiqiflzpipidcer\">\n<div class=\"brz-container brz-css-lrftj\">\n<div class=\"brz-css-xgczf brz-css-tpfru brz-wrapper\">\n<div class=\"brz-rich-text brz-rich-text__custom brz-css-xjili\" data-custom-id=\"mdtlvwtgdjplrsvefowwxajcrgrbxqoepmrh\">\n<div>\n<ul>\n<li class=\"brz-css-tcfyx\" data-generated-css=\"brz-css-nqops\" data-uniq-id=\"itjqg\"><span class=\"brz-cp-color7\">Serbatoio scaricabile di spegnimento con una portata di 600l con pompa ad alta pressione e naspo <\/span><\/li>\n<li class=\"brz-css-tduxz\" data-generated-css=\"brz-css-xhoan\" data-uniq-id=\"qnqzy\">Container spegnimento: motopompa, diversa attrezzatura per spegnimento e conduttura acqua <\/li>\n<li class=\"brz-css-wiijv\" data-generated-css=\"brz-css-wpxla\" data-uniq-id=\"wwnki\">Container corrente elettrica: generatore elettrico, aspiratore acqua, pompa da fango con accessori<\/li>\n<li data-uniq-id=\"hlsbl\" data-generated-css=\"brz-css-lkama\" class=\"brz-css-mmqdf\">Container interventi tecnici: motosega con accessori e kit di indumenti antitaglio, argano manuale con accessori, materiale di supporto<\/li>\n<\/ul>\n<\/div>\n<\/div>\n<\/div>\n<\/div>\n<\/div>\n<\/section>\n<\/div>\n<p><!-- version:1774685012 --><\/p>\n","protected":false},"excerpt":{"rendered":"<p>tail Automezzo di trasporto con sponda montacarichi Questo automezzo di trasporto con sponda montacarichi \u00e8 caricato con un container scaricabile di spegnimento. Grazie alla sua buona mobilit\u00e0 fuoristrada, pu\u00f2 essere utilizzato nelle aree montane. Inoltre, serve come veicolo di trasporto per i vari carrelli modulari e pu\u00f2 essere quindi caricato e utilizzato in modo flessibile&nbsp;&hellip;<\/p>\n","protected":false},"author":12,"featured_media":0,"parent":175,"menu_order":0,"comment_status":"closed","ping_status":"closed","template":"","meta":[],"_links":{"self":[{"href":"https:\/\/www.ffbozen.it\/it\/wp-json\/wp\/v2\/pages\/24377"}],"collection":[{"href":"https:\/\/www.ffbozen.it\/it\/wp-json\/wp\/v2\/pages"}],"about":[{"href":"https:\/\/www.ffbozen.it\/it\/wp-json\/wp\/v2\/types\/page"}],"author":[{"embeddable":true,"href":"https:\/\/www.ffbozen.it\/it\/wp-json\/wp\/v2\/users\/12"}],"replies":[{"embeddable":true,"href":"https:\/\/www.ffbozen.it\/it\/wp-json\/wp\/v2\/comments?post=24377"}],"version-history":[{"count":6,"href":"https:\/\/www.ffbozen.it\/it\/wp-json\/wp\/v2\/pages\/24377\/revisions"}],"predecessor-version":[{"id":24455,"href":"https:\/\/www.ffbozen.it\/it\/wp-json\/wp\/v2\/pages\/24377\/revisions\/24455"}],"up":[{"embeddable":true,"href":"https:\/\/www.ffbozen.it\/it\/wp-json\/wp\/v2\/pages\/175"}],"wp:attachment":[{"href":"https:\/\/www.ffbozen.it\/it\/wp-json\/wp\/v2\/media?parent=24377"}],"curies":[{"name":"wp","href":"https:\/\/api.w.org\/{rel}","templated":true}]}}