{"id":1699,"date":"2020-11-19T09:10:51","date_gmt":"2020-11-19T08:10:51","guid":{"rendered":"http:\/\/ffbozen.it\/de\/?page_id=1699"},"modified":"2026-03-26T16:01:06","modified_gmt":"2026-03-26T15:01:06","slug":"privacy","status":"publish","type":"page","link":"https:\/\/www.ffbozen.it\/it\/privacy\/","title":{"rendered":"Privacy"},"content":{"rendered":"<div class=\"brz-root__container brz-reset-all\">\n<section data-uid=\"jkczznubucruyrkelkiqlgqrglwihonthyjs\" id=\"jkczznubucruyrkelkiqlgqrglwihonthyjs\" class=\"brz-section brz-css-evosb\">\n<div class=\"brz-section__content brz-section--boxed brz-css-pbrve brz-css-dpizx\" data-custom-id=\"iotjexypacqqsqkciizilqcnofiuzscjxjob\">\n<div class=\"brz-container brz-css-ifuup\">\n<div class=\"brz-css-yujng brz-css-wxolg brz-wrapper\">\n<div class=\"brz-rich-text brz-rich-text__custom brz-css-bcntn\" data-custom-id=\"trkqvtyjwixurqduppyannpmrmuvntacydwa\">\n<div>\n<p class=\"brz-css-tvdfe\"><span>Datenschutzerkl\u00e4rung<\/span><\/p>\n<\/div>\n<\/div>\n<\/div>\n<div class=\"brz-row__container brz-css-papql\" data-custom-id=\"ccsyvdypimrdidgqizdwnpcwughabpcvjhnn\">\n<div class=\"brz-row brz-css-vmyik\">\n<div class=\"brz-columns brz-css-hapex brz-css-jhuki\" data-custom-id=\"vfhfnuiscdybrfwbeccfrowawpadysixucbx\">\n<div class=\"brz-column__items brz-css-ugqcp brz-css-panhi\">\n<div class=\"brz-css-yujng brz-css-qbvgs brz-wrapper\">\n<div class=\"brz-rich-text brz-rich-text__custom brz-css-bcntn\" data-custom-id=\"zjnuymokiylurdtvixaqikbmodmdbrhlwtee\">\n<div>\n<p class=\"brz-css-yftps\"><strong>Erfassung allgemeiner Informationen<\/strong><\/p>\n<p class=\"brz-css-hygou\"><span class=\"brz-cp-color7\">Wenn Sie auf unsere Webseite zugreifen, werden automatisch Informationen allgemeiner Natur erfasst. Diese Informationen (Server-Logfiles) beinhalten etwa die Art des Webbrowsers, das verwendete Betriebssystem, den Domainnamen Ihres Internet Service Providers und \u00c4hnliches. Hierbei handelt es sich ausschlie\u00dflich um Informationen, welche keine R\u00fcckschl\u00fcsse auf Ihre Person zulassen. Diese Informationen sind technisch notwendig, um von Ihnen angeforderte Inhalte von Webseiten korrekt auszuliefern und fallen bei Nutzung des Internets zwingend an. Anonyme Informationen dieser Art werden von uns statistisch ausgewertet, um unseren Internetauftritt und die dahinterstehende Technik zu optimieren.<\/span><\/p>\n<p class=\"brz-css-ysmcx\"><strong>Cookies<\/strong><\/p>\n<p class=\"brz-css-shckd\"><span class=\"brz-cp-color7\">Wie viele andere Webseiten verwenden wir auch so genannte \u201eCookies\u201c. Cookies sind kleine Textdateien, die von einem Webseitenserver auf Ihre Festplatte \u00fcbertragen werden. Hierdurch erhalten wir automatisch bestimmte Daten wie z. B. IP-Adresse, verwendeter Browser, Betriebssystem \u00fcber Ihren Computer und Ihre Verbindung zum Internet.Cookies k\u00f6nnen nicht verwendet werden, um Programme zu starten oder Viren auf einen Computer zu \u00fcbertragen. Anhand der in Cookies enthaltenen Informationen k\u00f6nnen wir Ihnen die Navigation erleichtern und die korrekte Anzeige unserer Webseiten erm\u00f6glichen.In keinem Fall werden die von uns erfassten Daten an Dritte weitergegeben oder ohne Ihre Einwilligung eine Verkn\u00fcpfung mit personenbezogenen Daten hergestellt.Nat\u00fcrlich k\u00f6nnen Sie unsere Website grunds\u00e4tzlich auch ohne Cookies betrachten. Internet-Browser sind regelm\u00e4\u00dfig so eingestellt, dass sie Cookies akzeptieren. Sie k\u00f6nnen die Verwendung von Cookies jederzeit \u00fcber die Einstellungen Ihres Browsers deaktivieren. Bitte verwenden Sie die Hilfefunktionen Ihres Internetbrowsers, um zu erfahren, wie Sie diese Einstellungen \u00e4ndern k\u00f6nnen. Bitte beachten Sie, dass einzelne Funktionen unserer Website m\u00f6glicherweise nicht funktionieren, wenn Sie die Verwendung von Cookies deaktiviert haben.<\/span><\/p>\n<p class=\"brz-css-tdzyv\"><span class=\"brz-cp-color7\">SSL-Verschl\u00fcsselung<\/span><\/p>\n<p class=\"brz-css-cyvau\"><span class=\"brz-cp-color7\">Um die Sicherheit Ihrer Daten bei der \u00dcbertragung zu sch\u00fctzen, verwenden wir dem aktuellen Stand der Technik entsprechende Verschl\u00fcsselungsverfahren (z. B. SSL) \u00fcber HTTPS. <\/span><\/p>\n<p class=\"brz-css-keczu\"><strong>Kontaktformular<\/strong><\/p>\n<p class=\"brz-css-iulct\"><span class=\"brz-cp-color7\">Pers\u00f6nliche Daten, die Sie uns auf dieser Website elektronisch \u00fcbermitteln, wie zum Beispiel Name, E-Mail-Adresse, Adresse oder andere pers\u00f6nlichen Angaben im Rahmen der \u00dcbermittlung eines Formulars oder Kommentaren im Blog, werden von uns gemeinsam mit dem Zeitpunkt und der IP-Adresse nur zum jeweils angegebenen Zweck verwendet, sicher verwahrt und nicht an Dritte weitergegeben.Wir nutzen Ihre pers\u00f6nlichen Daten somit nur f\u00fcr die Kommunikation mit jenen Besuchern, die Kontakt ausdr\u00fccklich w\u00fcnschen und f\u00fcr die Abwicklung der auf dieser Webseite angebotenen Dienstleistungen und Produkte. Wir geben Ihre pers\u00f6nlichen Daten ohne Zustimmung nicht weiter, k\u00f6nnen jedoch nicht ausschlie\u00dfen, dass diese Daten beim Vorliegen von rechtswidrigem Verhalten eingesehen werden.Wenn Sie uns pers\u00f6nliche Daten per E-Mail schicken \u2013 somit abseits dieser Webseite \u2013 k\u00f6nnen wir keine sichere \u00dcbertragung und den Schutz Ihrer Daten garantieren. Wir empfehlen Ihnen, vertrauliche Daten niemals unverschl\u00fcsselt per E-Mail zu \u00fcbermitteln. <\/span><\/p>\n<p class=\"brz-css-lhvel\"><strong>Rechte laut Datenschutzgrundverordnung<\/strong><\/p>\n<p class=\"brz-css-ferdw\"><span class=\"brz-cp-color7\">Ihnen stehen laut den Bestimmungen der DSGVO\u00a0grunds\u00e4tzlich die folgende Rechte zu:Recht auf Berichtung (Artikel 16 DSGVO)Recht auf L\u00f6schung (\u201eRecht auf Vergessenwerden\u201c) (Artikel 17 DSGVO)Recht auf Einschr\u00e4nkung der Verarbeitung (Artikel 18 DSGVO)Recht auf Benachrichtigung \u2013 Mitteilungspflicht im Zusammenhang mit der Berichtigung oder L\u00f6schung personenbezogener Daten oder der Einschr\u00e4nkung der Verarbeitung (Artikel 19 DSGVO)Recht auf Daten\u00fcbertragbarkeit (Artikel 20 DSGVO)Widerspruchsrecht (Artikel 21 DSGVO)Recht, nicht einer ausschlie\u00dflich auf einer automatisierten Verarbeitung \u2014 einschlie\u00dflich Profiling \u2014 beruhenden Entscheidung unterworfen zu werden (Artikel 22 DSGVO)Wenn Sie glauben, dass die Verarbeitung Ihrer Daten gegen das Datenschutzrecht verst\u00f6\u00dft oder Ihre datenschutzrechtlichen Anspr\u00fcche sonst in einer Weise verletzt worden sind, k\u00f6nnen Sie sich bei der Aufsichtsbeh\u00f6rde beschweren. <\/span><\/p>\n<p class=\"brz-css-nxrtb\"><strong>Verwendung von Google Analytics<\/strong><\/p>\n<p class=\"brz-css-amlwt\"><span class=\"brz-cp-color7\">Diese Webseite benutzt Google Analytics, einen Webanalysedienst der Google Inc. (folgend: Google). Google Analytics verwendet sog. \u201eCookies\u201c, also Textdateien, die auf Ihrem Computer gespeichert werden und die eine Analyse der Benutzung der Webseite durch Sie erm\u00f6glichen. Die durch das Cookie erzeugten Informationen \u00fcber Ihre Benutzung dieser Webseite werden in der Regel an einen Server von Google in den USA \u00fcbertragen und dort gespeichert. Aufgrund der Aktivierung der IP-Anonymisierung auf diesen Webseiten, wird Ihre IP-Adresse von Google jedoch innerhalb von Mitgliedstaaten der Europ\u00e4ischen Union oder in anderen Vertragsstaaten des Abkommens \u00fcber den Europ\u00e4ischen Wirtschaftsraum zuvor gek\u00fcrzt. Nur in Ausnahmef\u00e4llen wird die volle IP-Adresse an einen Server von Google in den USA \u00fcbertragen und dort gek\u00fcrzt. Im Auftrag des Betreibers dieser Webseite wird Google diese Informationen benutzen, um Ihre Nutzung der Webseite auszuwerten, um Reports \u00fcber die Webseitenaktivit\u00e4ten zusammenzustellen und um weitere mit der Webseitennutzung und der Internetnutzung verbundene Dienstleistungen gegen\u00fcber dem Webseitenbetreiber zu erbringen. Die im Rahmen von Google Analytics von Ihrem Browser \u00fcbermittelte IP-Adresse wird nicht mit anderen Daten von Google zusammengef\u00fchrt.Sie k\u00f6nnen die Speicherung der Cookies durch eine entsprechende Einstellung Ihrer Browser-Software verhindern; wir weisen Sie jedoch darauf hin, dass Sie in diesem Fall gegebenenfalls nicht s\u00e4mtliche Funktionen dieser Webseite vollumf\u00e4nglich werden nutzen k\u00f6nnen. Sie k\u00f6nnen dar\u00fcber hinaus die Erfassung der durch das Cookie erzeugten und auf Ihre Nutzung der Webseite bezogenen Daten (inkl. Ihrer IP-Adresse) an Google sowie die Verarbeitung dieser Daten durch Google verhindern, indem sie das unter dem folgenden Link verf\u00fcgbare Browser-Plugin herunterladen und installieren:\u00a0Browser-Add-on zur Deaktivierung von Google Analytics.Zus\u00e4tzlich oder als Alternative zum Browser-Add-On k\u00f6nnen Sie das Tracking durch Google Analytics auf unseren Seiten unterbinden, indem Sie\u00a0diesen Link anklicken\u00a0. Dabei wird ein Opt-Out-Cookie auf Ihrem Ger\u00e4t installiert. Damit wird die Erfassung durch Google Analytics f\u00fcr diese Website und f\u00fcr diesen Browser zuk\u00fcnftig verhindert, so lange der Cookie in Ihrem Browser installiert bleibt. <\/span><\/p>\n<p class=\"brz-css-lzikh\"><strong>Einsatz von Matomo<\/strong><\/p>\n<p class=\"brz-css-oxvfj\"><span class=\"brz-cp-color7\">Auf dieser Website werden unter Einsatz der Webanalysedienst-Software Matomo (www.matomo.org), einem Dienst des Anbieters InnoCraft Ltd., 150 Willis St, 6011 Wellington, Neuseeland, (\u201eMataomo\u201c) auf Basis unseres berechtigten Interesses an der statistischen Analyse des Nutzerverhaltens zu Optimierungs- und Marketingzwecken gem\u00e4\u00df Art. 6 Abs. 1 lit. f DSGVO Daten gesammelt und gespeichert. Aus diesen Daten k\u00f6nnen zum selben Zweck pseudonymisierte Nutzungsprofile erstellt und ausgewertet werden. Hierzu k\u00f6nnen Cookies eingesetzt werden. Bei Cookies handelt es sich um kleine Textdateien, die lokal im Zwischenspeicher des Internet-Browsers des Seitenbesuchers gespeichert werden. Die Cookies erm\u00f6glichen unter anderem die Wiedererkennung des Internet-Browsers. Die mit der Matomo-Technologie erhobenen Daten (einschlie\u00dflich Ihrer pseudonymisierten IP-Adresse) werden auf unseren Servern verarbeitet. Die durch das Cookie erzeugten Informationen im pseudonymen Nutzerprofil werden nicht dazu benutzt, den Besucher dieser Website pers\u00f6nlich zu identifizieren und nicht mit personenbezogenen Daten \u00fcber den Tr\u00e4ger des Pseudonyms zusammengef\u00fchrt. Wenn Sie mit der Speicherung und Auswertung dieser Daten aus Ihrem Besuch nicht einverstanden sind, dann k\u00f6nnen Sie der Speicherung und Nutzung nachfolgend per Mausklick jederzeit widersprechen. In diesem Fall wird in Ihrem Browser ein sog. Opt-Out-Cookie abgelegt, was zur Folge hat, dass Matomo keinerlei Sitzungsdaten erhebt. Bitte beachten Sie, dass die vollst\u00e4ndige L\u00f6schung Ihrer Cookies zur Folge hat, dass auch das Opt-Out-Cookie gel\u00f6scht wird und ggf. von Ihnen erneut aktiviert werden muss.<\/span><\/p>\n<p class=\"brz-css-nxbtq\"><strong>Verwendung von Scriptbibliotheken (Google Webfonts)<\/strong><\/p>\n<p class=\"brz-css-ixnim\"><span class=\"brz-cp-color7\">Um unsere Inhalte browser\u00fcbergreifend korrekt und grafisch ansprechend darzustellen, verwenden wir auf dieser Website Scriptbibliotheken und Schriftbibliotheken wie z. B. Google Webfonts (https:\/\/www.google.com\/webfonts\/). Google Webfonts werden zur Vermeidung mehrfachen Ladens in den Cache Ihres Browsers \u00fcbertragen. Falls der Browser die Google Webfonts nicht unterst\u00fctzt oder den Zugriff unterbindet, werden Inhalte in einer Standardschrift angezeigt.Der Aufruf von Scriptbibliotheken oder Schriftbibliotheken l\u00f6st automatisch eine Verbindung zum Betreiber der Bibliothek aus. Dabei ist es theoretisch m\u00f6glich \u2013 aktuell allerdings auch unklar ob und ggf. zu welchen Zwecken \u2013 dass Betreiber entsprechender Bibliotheken Daten erheben.Die Datenschutzrichtlinie des Bibliothekbetreibers Google finden Sie hier:\u00a0https:\/\/www.google.com\/policies\/privacy\/ <\/span><\/p>\n<p class=\"brz-css-nlbtv\"><strong>Verwendung von Google Maps<\/strong><\/p>\n<p class=\"brz-css-jjkcg\"><span class=\"brz-cp-color7\">Diese Webseite verwendet Google Maps API, um geographische Informationen visuell darzustellen. Bei der Nutzung von Google Maps werden von Google auch Daten \u00fcber die Nutzung der Kartenfunktionen durch Besucher erhoben, verarbeitet und genutzt. N\u00e4here Informationen \u00fcber die Datenverarbeitung durch Google k\u00f6nnen Sie\u00a0den Google-Datenschutzhinweisen\u00a0entnehmen. Dort k\u00f6nnen Sie im Datenschutzcenter auch Ihre pers\u00f6nlichen Datenschutz-Einstellungen ver\u00e4ndern.Ausf\u00fchrliche Anleitungen zur Verwaltung der eigenen Daten im Zusammenhang mit Google-Produkten\u00a0finden Sie hier. <\/span><\/p>\n<p class=\"brz-css-ymjoh\"><strong>Eingebettete YouTube-Videos<\/strong><\/p>\n<p class=\"brz-css-hgbqn\"><span class=\"brz-cp-color7\">Auf einigen unserer Webseiten betten wir Youtube-Videos ein. Betreiber der entsprechenden Plugins ist die YouTube, LLC, 901 Cherry Ave., San Bruno, CA 94066, USA. Wenn Sie eine Seite mit dem YouTube-Plugin besuchen, wird eine Verbindung zu Servern von Youtube hergestellt. Dabei wird Youtube mitgeteilt, welche Seiten Sie besuchen. Wenn Sie in Ihrem Youtube-Account eingeloggt sind, kann Youtube Ihr Surfverhalten Ihnen pers\u00f6nlich zuzuordnen. Dies verhindern Sie, indem Sie sich vorher aus Ihrem Youtube-Account ausloggen.Wird ein Youtube-Video gestartet, setzt der Anbieter Cookies ein, die Hinweise \u00fcber das Nutzerverhalten sammeln.Wer das Speichern von Cookies f\u00fcr das Google-Ad-Programm deaktiviert hat, wird auch beim Anschauen von Youtube-Videos mit keinen solchen Cookies rechnen m\u00fcssen. Youtube legt aber auch in anderen Cookies nicht-personenbezogene Nutzungsinformationen ab. M\u00f6chten Sie dies verhindern, so m\u00fcssen Sie das Speichern von Cookies im Browser blockieren.Weitere Informationen zum Datenschutz bei \u201eYoutube\u201c finden Sie in der Datenschutzerkl\u00e4rung des Anbieters unter:\u00a0https:\/\/www.google.de\/intl\/de\/policies\/privacy\/<\/span><\/p>\n<p class=\"brz-css-bkbmi\"><strong>Google AdWords<\/strong><\/p>\n<p class=\"brz-css-ptnch\"><span class=\"brz-cp-color7\">Unsere Webseite nutzt das Google Conversion-Tracking. Sind Sie \u00fcber eine von Google geschaltete Anzeige auf unsere Webseite gelangt, wird von Google Adwords ein Cookie auf Ihrem Rechner gesetzt. Das Cookie f\u00fcr Conversion-Tracking wird gesetzt, wenn ein Nutzer auf eine von Google geschaltete Anzeige klickt. Diese Cookies verlieren nach 30 Tagen ihre G\u00fcltigkeit und dienen nicht der pers\u00f6nlichen Identifizierung. Besucht der Nutzer bestimmte Seiten unserer Website und das Cookie ist noch nicht abgelaufen, k\u00f6nnen wir und Google erkennen, dass der Nutzer auf die Anzeige geklickt hat und zu dieser Seite weitergeleitet wurde. Jeder Google AdWords-Kunde erh\u00e4lt ein anderes Cookie. Cookies k\u00f6nnen somit nicht \u00fcber die Websites von AdWords-Kunden nachverfolgt werden. Die mithilfe des Conversion-Cookies eingeholten Informationen dienen dazu, Conversion-Statistiken f\u00fcr AdWords-Kunden zu erstellen, die sich f\u00fcr Conversion-Tracking entschieden haben. Die Kunden erfahren die Gesamtanzahl der Nutzer, die auf ihre Anzeige geklickt haben und zu einer mit einem Conversion-Tracking-Tag versehenen Seite weitergeleitet wurden. Sie erhalten jedoch keine Informationen, mit denen sich Nutzer pers\u00f6nlich identifizieren lassen.M\u00f6chten Sie nicht am Tracking teilnehmen, k\u00f6nnen Sie das hierf\u00fcr erforderliche Setzen eines Cookies ablehnen \u2013 etwa per Browser-Einstellung, die das automatische Setzen von Cookies generell deaktiviert oder Ihren Browser so einstellen, dass Cookies von der Domain \u201egoogleleadservices.com\u201c blockiert werden.Bitte beachten Sie, dass Sie die Opt-out-Cookies nicht l\u00f6schen d\u00fcrfen, solange Sie keine Aufzeichnung von Messdaten w\u00fcnschen. Haben Sie alle Ihre Cookies im Browser gel\u00f6scht, m\u00fcssen Sie das jeweilige Opt-out Cookie erneut setzen.<\/span><\/p>\n<p class=\"brz-css-wttse\"><strong>Ihre Rechte auf Auskunft, Berichtigung, Sperre, L\u00f6schung und Widerspruch<\/strong><\/p>\n<p class=\"brz-css-pqpow\"><span class=\"brz-cp-color7\">Sie haben das Recht, jederzeit Auskunft \u00fcber Ihre bei uns gespeicherten personenbezogenen Daten zu erhalten. Ebenso haben Sie das Recht auf Berichtigung, Sperrung oder, abgesehen von der vorgeschriebenen Datenspeicherung zur Gesch\u00e4ftsabwicklung, L\u00f6schung Ihrer personenbezogenen Daten. Bitte wenden Sie sich dazu an unseren Datenschutzbeauftragten. Die Kontaktdaten finden Sie ganz unten.Damit eine Sperre von Daten jederzeit ber\u00fccksichtigt werden kann, m\u00fcssen diese Daten zu Kontrollzwecken in einer Sperrdatei vorgehalten werden. Sie k\u00f6nnen auch die L\u00f6schung der Daten verlangen, soweit keine gesetzliche Archivierungsverpflichtung besteht. Soweit eine solche Verpflichtung besteht, sperren wir Ihre Daten auf Wunsch.Sie k\u00f6nnen \u00c4nderungen oder den Widerruf einer Einwilligung durch entsprechende Mitteilung an uns mit Wirkung f\u00fcr die Zukunft vornehmen.<\/span><\/p>\n<p class=\"brz-css-ebpxm\"><strong>\u00c4nderung unserer Datenschutzbestimmungen<\/strong><\/p>\n<p class=\"brz-css-eklim\"><span class=\"brz-cp-color7\">Wir behalten uns vor, diese Datenschutzerkl\u00e4rung gelegentlich anzupassen, damit sie stets den aktuellen rechtlichen Anforderungen entspricht oder um \u00c4nderungen unserer Leistungen in der Datenschutzerkl\u00e4rung umzusetzen, z. B. bei der Einf\u00fchrung neuer Services. F\u00fcr Ihren erneuten Besuch gilt dann die neue Datenschutzerkl\u00e4rung.<\/span><\/p>\n<p class=\"brz-css-ugork\"><strong>Fragen an den Datenschutzbeauftragten<\/strong><\/p>\n<p class=\"brz-css-zxrwl\"><span class=\"brz-cp-color7\">Wenn Sie Fragen zum Datenschutz haben, schreiben Sie uns bitte eine E-Mail. <\/span><\/p>\n<\/div>\n<\/div>\n<\/div>\n<\/div>\n<\/div>\n<\/div>\n<\/div>\n<\/div>\n<\/div>\n<\/section>\n<\/div>\n<p><!-- version:1774537266 --><\/p>\n","protected":false},"excerpt":{"rendered":"<p>Datenschutzerkl\u00e4rung Erfassung allgemeiner Informationen Wenn Sie auf unsere Webseite zugreifen, werden automatisch Informationen allgemeiner Natur erfasst. Diese Informationen (Server-Logfiles) beinhalten etwa die Art des Webbrowsers, das verwendete Betriebssystem, den Domainnamen Ihres Internet Service Providers und \u00c4hnliches. Hierbei handelt es sich ausschlie\u00dflich um Informationen, welche keine R\u00fcckschl\u00fcsse auf Ihre Person zulassen. Diese Informationen sind technisch notwendig,&nbsp;&hellip;<\/p>\n","protected":false},"author":1,"featured_media":0,"parent":0,"menu_order":0,"comment_status":"closed","ping_status":"closed","template":"","meta":[],"_links":{"self":[{"href":"https:\/\/www.ffbozen.it\/it\/wp-json\/wp\/v2\/pages\/1699"}],"collection":[{"href":"https:\/\/www.ffbozen.it\/it\/wp-json\/wp\/v2\/pages"}],"about":[{"href":"https:\/\/www.ffbozen.it\/it\/wp-json\/wp\/v2\/types\/page"}],"author":[{"embeddable":true,"href":"https:\/\/www.ffbozen.it\/it\/wp-json\/wp\/v2\/users\/1"}],"replies":[{"embeddable":true,"href":"https:\/\/www.ffbozen.it\/it\/wp-json\/wp\/v2\/comments?post=1699"}],"version-history":[{"count":0,"href":"https:\/\/www.ffbozen.it\/it\/wp-json\/wp\/v2\/pages\/1699\/revisions"}],"wp:attachment":[{"href":"https:\/\/www.ffbozen.it\/it\/wp-json\/wp\/v2\/media?parent=1699"}],"curies":[{"name":"wp","href":"https:\/\/api.w.org\/{rel}","templated":true}]}}