{"id":15981,"date":"2020-12-22T15:42:28","date_gmt":"2020-12-22T14:42:28","guid":{"rendered":"https:\/\/ffbozen.it\/de\/?page_id=15981"},"modified":"2026-03-25T21:25:24","modified_gmt":"2026-03-25T20:25:24","slug":"automezzo-di-trasporto-3","status":"publish","type":"page","link":"https:\/\/www.ffbozen.it\/it\/attrezzature\/parco-macchine\/automezzo-di-trasporto-3\/","title":{"rendered":"Automezzo di trasporto"},"content":{"rendered":"<div class=\"brz-root__container brz-reset-all\">\n<section data-uid=\"wdotymfnirgcpyhmqgnoxuegemhhjkxsbzrg\" id=\"wdotymfnirgcpyhmqgnoxuegemhhjkxsbzrg\" class=\"brz-section brz-css-hcuww brz-css-ebirz\">\n<div class=\"brz-slick-slider brz-slick-slider__section\" data-slides-to-show=\"1\" data-slides-to-scroll=\"1\" data-arrows=\"true\" data-dots=\"true\" data-dots-class=\"brz-slick-slider__dots brz-slick-slider__dots--circle\" data-fade=\"false\" data-vertical=\"false\" data-auto-play=\"true\" data-auto-play-speed=\"3000\" data-swipe=\"true\" data-responsive=\"%5B%7B%22breakpoint%22%3A767%2C%22settings%22%3A%7B%22slidesToShow%22%3A1%2C%22slidesToScroll%22%3A1%7D%7D%5D\">\n<div>\n<div class=\"brz-section__content brz-section--fullWidth brz-css-fpfib brz-css-hhxyk\" data-custom-id=\"tbfrdicsfxexyhdihdmprtzhuuaskrxdcywh\">\n<div class=\"brz-container brz-css-ouhmw brz-css-eumuq\">\n<div class=\"brz-css-zvnjq brz-css-kwgtk brz-wrapper\">\n<div class=\"brz-image brz-image__lightbox brz-css-spaeo\"><a class=\"brz-a\" href=\"https:\/\/www.ffbozen.it\/it\/wp-content\/uploads\/2020\/12\/FFBozen_Fahrzeug8_01.jpg\" data-brz-link-type=\"lightBox\" id data-custom-id=\"opiwmawmjvfuyqprfowwzxbujwpyppgwdysl\"><img class=\"brz-img\" src=\"https:\/\/www.ffbozen.it\/it\/wp-content\/uploads\/brizy\/imgs\/FFBozen_Fahrzeug8_01-1920x1080x0x0x1920x1080x1611604953.jpg\" alt=\"\" loading=\"lazy\" \/><\/a><\/div>\n<\/div>\n<\/div>\n<\/div>\n<\/div>\n<div>\n<div class=\"brz-section__content brz-section--fullWidth brz-css-fpfib brz-css-yjahf\" data-custom-id=\"iomkwjppqbhoplcdooyxainijrpjjfuhirgk\">\n<div class=\"brz-container brz-css-ouhmw brz-css-mdojl\">\n<div class=\"brz-css-zvnjq brz-css-iqjlc brz-wrapper\">\n<div class=\"brz-image brz-image__lightbox brz-css-alkdq\"><a class=\"brz-a\" href=\"https:\/\/www.ffbozen.it\/it\/wp-content\/uploads\/2020\/12\/FFBozen_Fahrzeug8_02.jpg\" data-brz-link-type=\"lightBox\" id data-custom-id=\"zytrsgrufjcjzegiaqpesqjobybmheneehhw\"><img class=\"brz-img\" src=\"https:\/\/www.ffbozen.it\/it\/wp-content\/uploads\/brizy\/imgs\/FFBozen_Fahrzeug8_02-1920x1080x0x0x1920x1080x1611604950.jpg\" alt=\"\" loading=\"lazy\" \/><\/a><\/div>\n<\/div>\n<\/div>\n<\/div>\n<\/div>\n<div>\n<div class=\"brz-section__content brz-section--fullWidth brz-css-fpfib brz-css-gxaim\" data-custom-id=\"delxlbnyewtcebgfryurcafyeivfeotriamr\">\n<div class=\"brz-container brz-css-ouhmw brz-css-cwwwp\">\n<div class=\"brz-css-zvnjq brz-css-wtwfo brz-wrapper\">\n<div class=\"brz-image brz-image__lightbox brz-css-nvcpx\"><a class=\"brz-a\" href=\"https:\/\/www.ffbozen.it\/it\/wp-content\/uploads\/2020\/12\/FFBozen_Fahrzeug8_03.jpg\" data-brz-link-type=\"lightBox\" id data-custom-id=\"dobskssfumqsyfhvsnurrixkllpficonodvf\"><img class=\"brz-img\" src=\"https:\/\/www.ffbozen.it\/it\/wp-content\/uploads\/brizy\/imgs\/FFBozen_Fahrzeug8_03-1920x1080x0x0x1920x1080x1611604954.jpg\" alt=\"\" loading=\"lazy\" \/><\/a><\/div>\n<\/div>\n<\/div>\n<\/div>\n<\/div>\n<div>\n<div class=\"brz-section__content brz-section--fullWidth brz-css-fpfib brz-css-cumhu\" data-custom-id=\"zftquijeqoxpzbzxgpqastqwegypzxznrqod\">\n<div class=\"brz-container brz-css-ouhmw brz-css-bejge\">\n<div class=\"brz-css-zvnjq brz-css-jxlid brz-wrapper\">\n<div class=\"brz-image brz-image__lightbox brz-css-owifx\"><a class=\"brz-a\" href=\"https:\/\/www.ffbozen.it\/it\/wp-content\/uploads\/2020\/12\/FFBozen_Fahrzeug8_04.jpg\" data-brz-link-type=\"lightBox\" id data-custom-id=\"bzqphsrnvfowgyxxikvpuxaqeaxztltwckoj\"><img class=\"brz-img\" src=\"https:\/\/www.ffbozen.it\/it\/wp-content\/uploads\/brizy\/imgs\/FFBozen_Fahrzeug8_04-1920x1080x0x0x1920x1080x1611604976.jpg\" alt=\"\" loading=\"lazy\" \/><\/a><\/div>\n<\/div>\n<\/div>\n<\/div>\n<\/div>\n<div>\n<div class=\"brz-section__content brz-section--fullWidth brz-css-fpfib brz-css-udxhg\" data-custom-id=\"ybwomxvpjfrninomotulvjrwxrbamqzplxgv\">\n<div class=\"brz-container brz-css-ouhmw brz-css-wcfyy\">\n<div class=\"brz-css-zvnjq brz-css-thmue brz-wrapper\">\n<div class=\"brz-image brz-image__lightbox brz-css-cdjic\"><a class=\"brz-a\" href=\"https:\/\/www.ffbozen.it\/it\/wp-content\/uploads\/2020\/12\/FFBozen_Fahrzeug8_05.jpg\" data-brz-link-type=\"lightBox\" id data-custom-id=\"ekuvzhaajqfzaorrwjcpdyuvgxksgcxkbuky\"><img class=\"brz-img\" src=\"https:\/\/www.ffbozen.it\/it\/wp-content\/uploads\/brizy\/imgs\/FFBozen_Fahrzeug8_05-1920x1080x0x0x1920x1080x1611604976.jpg\" alt=\"\" loading=\"lazy\" \/><\/a><\/div>\n<\/div>\n<\/div>\n<\/div>\n<\/div>\n<div>\n<div class=\"brz-section__content brz-section--fullWidth brz-css-fpfib brz-css-fhryz\" data-custom-id=\"uvurqrrgveyvyshoyukqlkitkyqjdmofoglz\">\n<div class=\"brz-container brz-css-ouhmw brz-css-evunv\">\n<div class=\"brz-css-zvnjq brz-css-xaqnx brz-wrapper\">\n<div class=\"brz-image brz-image__lightbox brz-css-ptcpj\"><a class=\"brz-a\" href=\"https:\/\/www.ffbozen.it\/it\/wp-content\/uploads\/2020\/12\/FFBozen_Fahrzeug8_06.jpg\" data-brz-link-type=\"lightBox\" id data-custom-id=\"trdznimtzetepqfqiixlvbsfuflndheqhivg\"><img class=\"brz-img\" src=\"https:\/\/www.ffbozen.it\/it\/wp-content\/uploads\/brizy\/imgs\/FFBozen_Fahrzeug8_06-1920x1080x0x0x1920x1080x1611604967.jpg\" alt=\"\" loading=\"lazy\" \/><\/a><\/div>\n<\/div>\n<\/div>\n<\/div>\n<\/div>\n<p><title>tail<\/title>\n<\/div>\n<\/section>\n<section data-uid=\"smvtimedzngjwmxpunvyszlsqhkvofkgbnee\" id=\"smvtimedzngjwmxpunvyszlsqhkvofkgbnee\" class=\"brz-section brz-css-hcuww\">\n<div class=\"brz-section__content brz-section--fullWidth brz-css-fpfib brz-css-yrkfd\" data-custom-id=\"apihmoxksljlhhngcjamrapprtawznuwkkex\">\n<div class=\"brz-bg\">\n<div class=\"brz-bg-color\"><\/div>\n<\/div>\n<div class=\"brz-container brz-css-ouhmw brz-css-kfwlt\">\n<div class=\"brz-row__container brz-css-dekfd\" data-custom-id=\"wmlivrlznecjbbnhmlopxfwelvjlkbxknpou\">\n<div class=\"brz-row brz-css-bqnhr brz-css-arekj\">\n<div class=\"brz-columns brz-css-cvhla brz-css-ichde\" data-custom-id=\"chmcvajqixxvlnelgmarwoszeqlomgywiehi\">\n<div class=\"brz-column__items brz-css-jiecm brz-css-ybfva\">\n<div class=\"brz-css-zvnjq brz-css-zrsxv brz-wrapper\">\n<div class=\"brz-rich-text brz-rich-text__custom brz-css-mojdr\" data-custom-id=\"numoojbayqwpsncuwqpwaeetxhcwaqqockfu\">\n<div>\n<h2 class=\"brz-css-abssd\"><span>Automezzo di trasporto<\/span><\/h2>\n<\/div>\n<\/div>\n<\/div>\n<\/div>\n<\/div>\n<\/div>\n<\/div>\n<div class=\"brz-row__container brz-css-dekfd\" data-custom-id=\"jzfhhzagqherawkescksialkkercxtbckogf\">\n<div class=\"brz-row brz-css-bqnhr brz-css-arekj\">\n<div class=\"brz-columns brz-css-cvhla brz-css-bwjzt\" data-custom-id=\"hmasmpjxoplfgpxcvfynxzaaqwbudvcmzfaf\">\n<div class=\"brz-column__items brz-css-jiecm brz-css-sogxq\">\n<div class=\"brz-css-zvnjq brz-css-jnbew brz-wrapper\">\n<div class=\"brz-rich-text brz-rich-text__custom brz-css-mojdr\" data-custom-id=\"muqftsucmoobwtqturzrayschbwwfkjqewgm\">\n<div>\n<p class=\"brz-css-sayjp\"><span class=\"brz-cp-color7\">Questo automezzo di trasporto \u00e8 dotato di un cassone posteriore e viene usato per il trasporto di materiale d&apos;intervento. Siccome principalmente \u00e8 caricato un container scaricabile di spegnimento, questo mezzo \u00e8 di prima partenza in caso di incendi boschivi. Grazie alle dimensioni ridotte e la trazione 4&#215;4, pu\u00f2 essere utilizzato anche in luoghi stretti e difficilmente raggiungibili (passeggiate, garage, ecc. <\/span><\/p>\n<\/div>\n<\/div>\n<\/div>\n<\/div>\n<\/div>\n<\/div>\n<\/div>\n<div class=\"brz-row__container brz-css-dekfd\" data-custom-id=\"scuxysjgcppjfcqqrlsimjyrpswozrznywuq\">\n<div class=\"brz-row brz-css-bqnhr brz-css-arekj\">\n<div class=\"brz-columns brz-css-cvhla brz-css-tsxrl\" data-custom-id=\"iqnjnbdeqgkqcmclomnalhhzayryczjrgbam\">\n<div class=\"brz-column__items brz-css-jiecm\">\n<div class=\"brz-css-zvnjq brz-css-hapay brz-wrapper\">\n<div class=\"brz-icon-text brz-css-pwclo\" data-custom-id=\"mwkcyjxhdgjbgugsedigwvjtgxzcfvifzbkz\">\n<div id class=\"brz-icon__container\" data-custom-id=\"cqglkpjuorfabgfrugtbymdbftdhdpmprewq\"><span class=\"brz-span brz-icon css-156rzrb\"><\/span><\/div>\n<div class=\"brz-text-btn\">\n<div class=\"brz-rich-text brz-rich-text__custom brz-css-mojdr\" data-custom-id=\"fjzzucokqqcportoltexcmngdsfuquaigrej\">\n<div>\n<p class=\"brz-css-juhxo\"><span class=\"brz-cp-color7\">Posti:<\/span><\/p>\n<p class=\"brz-css-rycke\"><span class=\"brz-cp-color7\">1 + 1<\/span><\/p>\n<\/div>\n<\/div>\n<\/div>\n<\/div>\n<\/div>\n<\/div>\n<\/div>\n<div class=\"brz-columns brz-css-cvhla brz-css-uxiqd\" data-custom-id=\"mnodxcfetnpxxiuqmfrctbpylowyosmkbefs\">\n<div class=\"brz-column__items brz-css-jiecm\">\n<div class=\"brz-css-zvnjq brz-css-kdvrk brz-wrapper\">\n<div class=\"brz-icon-text brz-css-pwclo\" data-custom-id=\"vptvrzevxrpughbqyyzaeslgbxsmgydooqeb\">\n<div id class=\"brz-icon__container\" data-custom-id=\"lhwztugzttkxivhdmnznxusiukhjsaqufolw\"><span class=\"brz-span brz-icon css-1pqguu9\"><\/span><\/div>\n<div class=\"brz-text-btn\">\n<div class=\"brz-rich-text brz-rich-text__custom brz-css-mojdr\" data-custom-id=\"xcqbyzvkgfagnxyrmoeqlzgsmdfvglkfaphx\">\n<div>\n<p class=\"brz-css-telrn\"><span class=\"brz-cp-color7\">Massa complessiva:<\/span><\/p>\n<p class=\"brz-css-xwwne\"><strong class=\"brz-cp-color7\">2.500 kg<\/strong><\/p>\n<\/div>\n<\/div>\n<\/div>\n<\/div>\n<\/div>\n<\/div>\n<\/div>\n<div class=\"brz-columns brz-css-cvhla brz-css-qmlxk\" data-custom-id=\"xqrfikeghxnnqyxiewztrkixhakgqrslprho\">\n<div class=\"brz-column__items brz-css-jiecm\">\n<div class=\"brz-css-zvnjq brz-css-hrycc brz-wrapper\">\n<div class=\"brz-icon-text brz-css-pwclo\" data-custom-id=\"tqktojylcsosyprpezootmeqdztxwxdzikom\">\n<div id class=\"brz-icon__container\" data-custom-id=\"sgbougjutrdntdhdiqvuosmlfwpqjzndxkxi\"><span class=\"brz-span brz-icon css-156rzrb\"><\/span><\/div>\n<div class=\"brz-text-btn\">\n<div class=\"brz-rich-text brz-rich-text__custom brz-css-mojdr\" data-custom-id=\"txmttaahrysdyudgxpfhrsmssjkhhdqegflt\">\n<div>\n<p class=\"brz-css-bhpjo\"><span class=\"brz-cp-color7\">Potenza:<\/span><\/p>\n<p class=\"brz-css-qltzr\"><span class=\"brz-cp-color7\">70 PS<\/span><\/p>\n<\/div>\n<\/div>\n<\/div>\n<\/div>\n<\/div>\n<\/div>\n<\/div>\n<\/div>\n<\/div>\n<div class=\"brz-row__container brz-css-dekfd\" data-custom-id=\"dqydcauruewgwkyenoyjntvyeqypsqtujzrm\">\n<div class=\"brz-row brz-css-bqnhr brz-css-arekj\">\n<div class=\"brz-columns brz-css-cvhla brz-css-buyxq\" data-custom-id=\"cdgarcdpnesgnqmydzbcpypdtfziebxcbxbh\">\n<div class=\"brz-column__items brz-css-jiecm\">\n<div class=\"brz-css-zvnjq brz-css-lznia brz-wrapper\">\n<div class=\"brz-icon-text brz-css-pwclo\" data-custom-id=\"tncdpxfguqrqmgnhurvfzjxdxohusbaljygv\">\n<div id class=\"brz-icon__container\" data-custom-id=\"ftrcbnxsfrbgirvbfcuhoztzkfqukfdmoear\"><span class=\"brz-span brz-icon css-156rzrb\"><\/span><\/div>\n<div class=\"brz-text-btn\">\n<div class=\"brz-rich-text brz-rich-text__custom brz-css-mojdr\" data-custom-id=\"vnhplfhpqylzndbltyissuagskilazyobjwr\">\n<div>\n<p class=\"brz-css-lluez\"><span class=\"brz-cp-color7\">Serbatoio acqua:<\/span><\/p>\n<p class=\"brz-css-pokpz\"><span class=\"brz-cp-color7\">350 litri<\/span><\/p>\n<\/div>\n<\/div>\n<\/div>\n<\/div>\n<\/div>\n<\/div>\n<\/div>\n<div class=\"brz-columns brz-css-cvhla brz-css-wccyk\" data-custom-id=\"ybizmdzqvpnpgzgrfrvbbpdcdscawdawgtye\">\n<div class=\"brz-column__items brz-css-jiecm\">\n<div class=\"brz-css-zvnjq brz-css-lwmry brz-wrapper\">\n<div class=\"brz-icon-text brz-css-pwclo\" data-custom-id=\"plvlydgxlqldphkdvkexpvwqzxxcsgonguyq\">\n<div id class=\"brz-icon__container\" data-custom-id=\"tyfcocnzgxisgvlamnljenizvkctbyeinbvw\"><span class=\"brz-span brz-icon css-156rzrb\"><\/span><\/div>\n<div class=\"brz-text-btn\">\n<div class=\"brz-rich-text brz-rich-text__custom brz-css-mojdr\" data-custom-id=\"odjpvgzdkclcyrkgpmbnvwamcjzhaexwumxb\">\n<div>\n<p class=\"brz-css-oxgao\"><span class=\"brz-cp-color7\">Anno di costruzione:<\/span><\/p>\n<p class=\"brz-css-sxzge\"><span class=\"brz-cp-color7\">2012<\/span><\/p>\n<\/div>\n<\/div>\n<\/div>\n<\/div>\n<\/div>\n<\/div>\n<\/div>\n<div class=\"brz-columns brz-css-cvhla brz-css-aorrn\" data-custom-id=\"oinupviwtpcwkhyoznrfnvfeuxfekrnovjri\">\n<div class=\"brz-column__items brz-css-jiecm\">\n<div class=\"brz-css-zvnjq brz-css-ksskp brz-wrapper\">\n<div class=\"brz-icon-text brz-css-pwclo\" data-custom-id=\"axezyfesryfhtesueuqhvujmjcyewjcgfsvz\">\n<div id class=\"brz-icon__container\" data-custom-id=\"zrytxnjuxgghefecdeogvfcvgchrngaoreme\"><span class=\"brz-span brz-icon css-156rzrb\"><\/span><\/div>\n<div class=\"brz-text-btn\">\n<div class=\"brz-rich-text brz-rich-text__custom brz-css-mojdr\" data-custom-id=\"wvayunmlyacjkfhtuvzwemgcddaksgcqbsii\">\n<div>\n<p class=\"brz-css-gnllh\"><span class=\"brz-cp-color7\">Trazione:<\/span><\/p>\n<p class=\"brz-css-tsgiy\"><span class=\"brz-cp-color7\">4\u00d72 | 4\u00d74 | Blocco differenziale<\/span><\/p>\n<\/div>\n<\/div>\n<\/div>\n<\/div>\n<\/div>\n<\/div>\n<\/div>\n<\/div>\n<\/div>\n<\/div>\n<\/div>\n<\/section>\n<section data-uid=\"dkrfwykwzdewxqqnldnwnmrhakkcliagrjpa\" id=\"dkrfwykwzdewxqqnldnwnmrhakkcliagrjpa\" class=\"brz-section brz-css-hcuww brz-css-ruvgn\">\n<div class=\"brz-section__content brz-section--boxed brz-css-fpfib brz-css-alqle\" data-custom-id=\"mihnxinogwkzreugodxriftpigljrohvrzrm\">\n<div class=\"brz-container brz-css-ouhmw\">\n<div class=\"brz-css-zvnjq brz-css-vuprp brz-wrapper\">\n<div class=\"brz-rich-text brz-rich-text__custom brz-css-mojdr\" data-custom-id=\"stashgmuhzphievumeshksplzvkafsqpclfj\">\n<div>\n<p class=\"brz-css-brecc\"><strong>Dotazione:<\/strong><\/p>\n<\/div>\n<\/div>\n<\/div>\n<\/div>\n<\/div>\n<\/section>\n<section data-uid=\"loafbrkkukcsuzrrjskevobwkvubbzigxcig\" id=\"loafbrkkukcsuzrrjskevobwkvubbzigxcig\" class=\"brz-section brz-css-hcuww\">\n<div class=\"brz-section__content brz-section--boxed brz-css-fpfib brz-css-gjmgg\" data-custom-id=\"gepezcnhzqnwmkhednutvxiqiflzpipidcer\">\n<div class=\"brz-container brz-css-ouhmw\">\n<div class=\"brz-css-zvnjq brz-css-codgs brz-wrapper\">\n<div class=\"brz-rich-text brz-rich-text__custom brz-css-mojdr\" data-custom-id=\"mdtlvwtgdjplrsvefowwxajcrgrbxqoepmrh\">\n<div>\n<ul>\n<li class=\"brz-css-hmbfg\"><span class=\"brz-cp-color7\">Estintori portatili<\/span><\/li>\n<li class=\"brz-css-ycdvk\"><span class=\"brz-cp-color7\">Accessori segnaletici <\/span><\/li>\n<\/ul>\n<\/div>\n<\/div>\n<\/div>\n<\/div>\n<\/div>\n<\/section>\n<section data-uid=\"sbvqbipjnjuafaqgjkkarebvgnvylnechrnb\" id=\"sbvqbipjnjuafaqgjkkarebvgnvylnechrnb\" class=\"brz-section brz-css-hcuww brz-css-cuctt\">\n<div class=\"brz-section__content brz-section--boxed brz-css-fpfib brz-css-igalr\" data-custom-id=\"pivddjwcassmynmyjngmswjbbarmmzszoexs\">\n<div class=\"brz-container brz-css-ouhmw\">\n<div class=\"brz-css-zvnjq brz-css-ksnzq brz-wrapper\">\n<div class=\"brz-rich-text brz-rich-text__custom brz-css-mojdr\" data-custom-id=\"bvknblkigomxgaxigeskwijtftnlhcnapufu\">\n<div>\n<p class=\"brz-css-xyhvc\"><span>Container di spegnimento:<\/span><\/p>\n<\/div>\n<\/div>\n<\/div>\n<\/div>\n<\/div>\n<\/section>\n<section data-uid=\"otxqgguccqsggwffawidwjgyulvffkwwicgy\" id=\"otxqgguccqsggwffawidwjgyulvffkwwicgy\" class=\"brz-section brz-css-hcuww\">\n<div class=\"brz-section__content brz-section--boxed brz-css-fpfib brz-css-tuqsf\" data-custom-id=\"ohcwrzxvfmdenliuhuotvmynaohrocqabicd\">\n<div class=\"brz-container brz-css-ouhmw\">\n<div class=\"brz-css-zvnjq brz-css-torac brz-wrapper\">\n<div class=\"brz-rich-text brz-rich-text__custom brz-css-mojdr\" data-custom-id=\"xpjveejemehlkxcshpondwfcarkthntquket\">\n<div>\n<ul>\n<li class=\"brz-css-uosua\"><span class=\"brz-cp-color7\">Serbatoio con una portata di 350l con pompa ad alta pressione e due naspo da 70metri<\/span><\/li>\n<li class=\"brz-css-lciii\"><span class=\"brz-cp-color7\">Motosega con accessori e kit di indumenti antitaglio (giacca, pantaloni, guanti e casco)<\/span><\/li>\n<li class=\"brz-css-kcggw\"><span class=\"brz-cp-color7\">Borsa portaattrezzi<\/span><\/li>\n<li class=\"brz-css-rdmmt\"><span class=\"brz-cp-color7\">Attrezzature per spegnimento<\/span><\/li>\n<li class=\"brz-css-urpxc\"><span class=\"brz-cp-color7\">Vari attrezzi (pala, piccone, ecc.)   <\/span><\/li>\n<\/ul>\n<\/div>\n<\/div>\n<\/div>\n<\/div>\n<\/div>\n<\/section>\n<section data-uid=\"vahmnpmiwmscffdnarbkqjavxnlobclsawgc\" id=\"vahmnpmiwmscffdnarbkqjavxnlobclsawgc\" class=\"brz-section brz-css-hcuww\">\n<div class=\"brz-section__content brz-section--boxed brz-css-fpfib brz-css-juzad\" data-custom-id=\"usdenhiixmjpzqitwiobepaytlqmottsjnsg\">\n<div class=\"brz-container brz-css-ouhmw\">\n<div class=\"brz-wrapper-clone brz-css-ezjnq\">\n<div class=\"brz-d-xs-flex brz-flex-xs-wrap brz-css-pyovs brz-css-cuspr\">\n<div class=\"brz-wrapper-clone__item brz-css-fcedb\" id=\"cdkwqfhpmhlfhjnsprpwgjqjzbhqmdndjdbt\"><a class=\"brz-a brz-btn brz-css-ifuop brz-css-pfsjg\" href=\"\/it\/attrezzature\/attrezzi\/container-di-spegnimento\/\" data-brz-link-type=\"external\" id data-custom-id=\"cdkwqfhpmhlfhjnsprpwgjqjzbhqmdndjdbt\"><span class=\"brz-span brz-text__editor\">scopri<\/span><\/a><\/div>\n<\/div>\n<\/div>\n<\/div>\n<\/div>\n<\/section>\n<\/div>\n<p><!-- version:1774470324 --><\/p>\n","protected":false},"excerpt":{"rendered":"<p>tail Automezzo di trasporto Questo automezzo di trasporto \u00e8 dotato di un cassone posteriore e viene usato per il trasporto di materiale d&apos;intervento. Siccome principalmente \u00e8 caricato un container scaricabile di spegnimento, questo mezzo \u00e8 di prima partenza in caso di incendi boschivi. Grazie alle dimensioni ridotte e la trazione 4&#215;4, pu\u00f2 essere utilizzato anche&nbsp;&hellip;<\/p>\n","protected":false},"author":12,"featured_media":0,"parent":175,"menu_order":0,"comment_status":"closed","ping_status":"closed","template":"","meta":[],"_links":{"self":[{"href":"https:\/\/www.ffbozen.it\/it\/wp-json\/wp\/v2\/pages\/15981"}],"collection":[{"href":"https:\/\/www.ffbozen.it\/it\/wp-json\/wp\/v2\/pages"}],"about":[{"href":"https:\/\/www.ffbozen.it\/it\/wp-json\/wp\/v2\/types\/page"}],"author":[{"embeddable":true,"href":"https:\/\/www.ffbozen.it\/it\/wp-json\/wp\/v2\/users\/12"}],"replies":[{"embeddable":true,"href":"https:\/\/www.ffbozen.it\/it\/wp-json\/wp\/v2\/comments?post=15981"}],"version-history":[{"count":0,"href":"https:\/\/www.ffbozen.it\/it\/wp-json\/wp\/v2\/pages\/15981\/revisions"}],"up":[{"embeddable":true,"href":"https:\/\/www.ffbozen.it\/it\/wp-json\/wp\/v2\/pages\/175"}],"wp:attachment":[{"href":"https:\/\/www.ffbozen.it\/it\/wp-json\/wp\/v2\/media?parent=15981"}],"curies":[{"name":"wp","href":"https:\/\/api.w.org\/{rel}","templated":true}]}}